{"id":1938,"date":"2022-08-25T15:44:47","date_gmt":"2022-08-25T20:44:47","guid":{"rendered":"https:\/\/ayudarteafiliaciones.org\/?page_id=1938"},"modified":"2022-08-25T16:06:12","modified_gmt":"2022-08-25T21:06:12","slug":"youtubers","status":"publish","type":"page","link":"https:\/\/ayudarteafiliaciones.org\/?page_id=1938","title":{"rendered":"Youtubers"},"content":{"rendered":"\t\t<div data-elementor-type=\"wp-page\" data-elementor-id=\"1938\" class=\"elementor elementor-1938\">\n\t\t\t\t\t\t\t<div class=\"elementor-element elementor-element-c2cf120 e-container--column e-container\" data-id=\"c2cf120\" data-element_type=\"container\">\t\t\t\t<div class=\"elementor-element elementor-element-91c0177 elementor-invisible elementor-widget elementor-widget-image\" data-id=\"91c0177\" data-element_type=\"widget\" data-settings=\"{&quot;_animation&quot;:&quot;fadeInLeft&quot;,&quot;_animation_delay&quot;:4}\" data-widget_type=\"image.default\">\n\t\t\t\t<div class=\"elementor-widget-container\">\n\t\t\t<style>\/*! elementor - v3.7.7 - 20-09-2022 *\/\n.elementor-widget-image{text-align:center}.elementor-widget-image a{display:inline-block}.elementor-widget-image a img[src$=\".svg\"]{width:48px}.elementor-widget-image img{vertical-align:middle;display:inline-block}<\/style>\t\t\t\t\t\t\t\t\t\t\t\t<img loading=\"lazy\" decoding=\"async\" width=\"284\" height=\"178\" src=\"https:\/\/ayudarteafiliaciones.org\/wp-content\/uploads\/2022\/08\/youtuberrs-afiliaciones-ayudarte.jpg\" class=\"attachment-large size-large\" alt=\"youtuberrs afiliaciones ayudarte\" \/>\t\t\t\t\t\t\t\t\t\t\t\t\t\t\t<\/div>\n\t\t\t\t<\/div>\n\t\t<\/div><div class=\"elementor-element elementor-element-94f7224 e-container--column e-container\" data-id=\"94f7224\" data-element_type=\"container\">\t\t\t\t<div class=\"elementor-element elementor-element-49325d9 elementor-invisible elementor-widget elementor-widget-text-editor\" data-id=\"49325d9\" data-element_type=\"widget\" data-settings=\"{&quot;_animation&quot;:&quot;fadeInUp&quot;,&quot;_animation_delay&quot;:4}\" data-widget_type=\"text-editor.default\">\n\t\t\t\t<div class=\"elementor-widget-container\">\n\t\t\t<style>\/*! elementor - v3.7.7 - 20-09-2022 *\/\n.elementor-widget-text-editor.elementor-drop-cap-view-stacked .elementor-drop-cap{background-color:#818a91;color:#fff}.elementor-widget-text-editor.elementor-drop-cap-view-framed .elementor-drop-cap{color:#818a91;border:3px solid;background-color:transparent}.elementor-widget-text-editor:not(.elementor-drop-cap-view-default) .elementor-drop-cap{margin-top:8px}.elementor-widget-text-editor:not(.elementor-drop-cap-view-default) .elementor-drop-cap-letter{width:1em;height:1em}.elementor-widget-text-editor .elementor-drop-cap{float:left;text-align:center;line-height:1;font-size:50px}.elementor-widget-text-editor .elementor-drop-cap-letter{display:inline-block}<\/style>\t\t\t\t<p style=\"text-align: center;\"><strong>Los Youtubers e influencers tienen que cotizar en seguridad social como si fueran trabajadores independientes<\/strong><\/p><p>\u00a0<\/p><p style=\"text-align: center;\">Los trabajadores independientes deben cotizar respecto al 40% de sus ingresos mensuales y sobre la base m\u00e1xima de cotizaci\u00f3n que es de 25 salarios m\u00ednimos<\/p>\t\t\t\t\t\t<\/div>\n\t\t\t\t<\/div>\n\t\t<\/div><div class=\"elementor-element elementor-element-0911f0e e-container--row e-container\" data-id=\"0911f0e\" data-element_type=\"container\">\t\t<div class=\"elementor-element elementor-element-a3b228b e-container--column e-container\" data-id=\"a3b228b\" data-element_type=\"container\">\t\t\t\t<div class=\"elementor-element elementor-element-5d2f63a elementor-invisible elementor-widget elementor-widget-image\" data-id=\"5d2f63a\" data-element_type=\"widget\" data-settings=\"{&quot;_animation&quot;:&quot;wobble&quot;,&quot;_animation_delay&quot;:2}\" data-widget_type=\"image.default\">\n\t\t\t\t<div class=\"elementor-widget-container\">\n\t\t\t\t\t\t\t\t\t\t\t\t\t\t\t<img decoding=\"async\" src=\"https:\/\/ayudarteafiliaciones.org\/wp-content\/uploads\/elementor\/thumbs\/influencers-asociacion-ayudarte-ptsuf2cx5mehhgry3otgwwawli348kve7hk8rcbd70.jpg\" title=\"influencers asociaci\u00f3n ayudarte\" alt=\"influencers asociaci\u00f3n ayudarte\" \/>\t\t\t\t\t\t\t\t\t\t\t\t\t\t\t<\/div>\n\t\t\t\t<\/div>\n\t\t<\/div><div class=\"elementor-element elementor-element-c81390c e-container--column e-container\" data-id=\"c81390c\" data-element_type=\"container\">\t\t\t\t<div class=\"elementor-element elementor-element-0957914 elementor-invisible elementor-widget elementor-widget-text-editor\" data-id=\"0957914\" data-element_type=\"widget\" data-settings=\"{&quot;_animation&quot;:&quot;rotateInUpRight&quot;,&quot;_animation_delay&quot;:2}\" data-widget_type=\"text-editor.default\">\n\t\t\t\t<div class=\"elementor-widget-container\">\n\t\t\t\t\t\t\t<p>Cotizar en la seguridad social es una obligaci\u00f3n para todos los empleados de Colombia, y en este rengl\u00f3n est\u00e1n los que se desempe\u00f1an en trabajos independientes. <\/p><p>\u00a0<\/p><p>Quienes sean trabajadores independientes deben dar su aporte, sobre todos los ingresos, la totalidad del porcentaje definido, que para salud es del 12,5% y para pensi\u00f3n del 16%, seg\u00fan Colfondos.<\/p><p>\u00a0<\/p><p>Los aportes en cuanto a las Agencias de Riesgos Laborales (Arl) ser\u00e1n voluntarios y solo podr\u00eda efectuarse en caso de que exista empleador y este lo requiera para que el trabajador pueda desarrollar una actividad en particular.<\/p>\t\t\t\t\t\t<\/div>\n\t\t\t\t<\/div>\n\t\t<\/div><\/div><div class=\"elementor-element elementor-element-12be8e0 e-container--row e-container\" data-id=\"12be8e0\" data-element_type=\"container\">\t\t<div class=\"elementor-element elementor-element-42d00d1 e-container--column e-container\" data-id=\"42d00d1\" data-element_type=\"container\">\t\t\t\t<div class=\"elementor-element elementor-element-0b1548c elementor-invisible elementor-widget elementor-widget-text-editor\" data-id=\"0b1548c\" data-element_type=\"widget\" data-settings=\"{&quot;_animation&quot;:&quot;rotateIn&quot;,&quot;_animation_delay&quot;:2}\" data-widget_type=\"text-editor.default\">\n\t\t\t\t<div class=\"elementor-widget-container\">\n\t\t\t\t\t\t\t<p>El monto de los ingresos sobre el cu\u00e1l se aplicar\u00e1 el porcentaje de cotizaci\u00f3n al sistema de seguridad social es conocido como el Ingreso Base de Cotizaci\u00f3n (Ibc).<\/p><p>\u00a0<\/p><p>De acuerdo a la ley 1955 de 2019, en el art\u00edculo 244, este establece que los empleados independientes que tengan ingresos netos mensuales iguales o superiores a un salario m\u00ednimo deber\u00edan cotizar su seguridad social sobre el 40% de los ingresos por mes.<\/p><p>\u00a0<\/p><p>De la misma forma la ley establece que en ning\u00fan caso el Ingreso Base de Cotizaci\u00f3n puede ser inferior al salario m\u00ednimo mensual legal vigente ni superior a 25 veces el salario m\u00ednimo mensual legal vigente.<\/p><p>\u00a0<\/p><p>La normativa para los influencers y los youtubers sigue siendo la misma que para cualquier trabajador independiente.<\/p><p>\u00a0<\/p><p>No hay una reglamentaci\u00f3n especial para estas personas, la ley habla de que los obligados a cotizar son los trabajadores dependientes, los independientes, servidores p\u00fablicos y pensionados. <\/p>\t\t\t\t\t\t<\/div>\n\t\t\t\t<\/div>\n\t\t<\/div><div class=\"elementor-element elementor-element-e950497 e-container--column e-container\" data-id=\"e950497\" data-element_type=\"container\">\t\t\t\t<div class=\"elementor-element elementor-element-8c5b696 elementor-widget elementor-widget-image\" data-id=\"8c5b696\" data-element_type=\"widget\" data-widget_type=\"image.default\">\n\t\t\t\t<div class=\"elementor-widget-container\">\n\t\t\t\t\t\t\t\t\t\t\t\t\t\t\t<img decoding=\"async\" src=\"https:\/\/ayudarteafiliaciones.org\/wp-content\/uploads\/elementor\/thumbs\/influencers-afiliaciones-ayudarte-ptsuw0e6d3mlm9djyg4rpwv2thrwaqpbjmugv8xtas.png\" title=\"influencers afiliaciones ayudarte\" alt=\"influencers afiliaciones ayudarte\" \/>\t\t\t\t\t\t\t\t\t\t\t\t\t\t\t<\/div>\n\t\t\t\t<\/div>\n\t\t<\/div><\/div><div class=\"elementor-element elementor-element-7dc49f4 e-container--column e-container\" data-id=\"7dc49f4\" data-element_type=\"container\">\t\t\t\t<div class=\"elementor-element elementor-element-2cae586 elementor-invisible elementor-widget elementor-widget-text-editor\" data-id=\"2cae586\" data-element_type=\"widget\" data-settings=\"{&quot;_animation&quot;:&quot;lightSpeedIn&quot;,&quot;_animation_delay&quot;:3}\" data-widget_type=\"text-editor.default\">\n\t\t\t\t<div class=\"elementor-widget-container\">\n\t\t\t\t\t\t\t<p>Estos entran como youtubers o freelancers pero estar\u00edan bajo la normativa de independientes, cualquier persona con ingresos, incluidos lo independientes, tiene obligaci\u00f3n de cotizar. <\/p><p>\u00a0<\/p><p><strong>Sobre qu\u00e9 deben cotizar?<\/strong> pues lo deben hacer sobre el 40% de sus ingresos por mes.<\/p><p>\u00a0<\/p><p>Sus obligaciones hacen referencia a salud y pensi\u00f3n y que frente a las Arl ya depender\u00e1 de si existe alg\u00fan tipo de contrato o no. <\/p><p>\u00a0<\/p><p>En caso de ellos tener un contrato que implique prestaci\u00f3n de servicios y que tenga una duraci\u00f3n superior a un mes, estar\u00e1n obligados a cotizar a riesgos laborales, y si no, su contribuci\u00f3n ser\u00e1 voluntaria.<\/p><p>\u00a0<\/p><p>La normativa es general y aplica para aquellos que se desempe\u00f1en en la labor independiente, m\u00e1s all\u00e1 de cual sea trabajo. <\/p><p>\u00a0<\/p><p>En el presente caso, la inc\u00f3gnita se resuelve indicando que la cotizaci\u00f3n para independientes debe ser igual en todos los aspectos, sin excepciones para nadie.<\/p>\t\t\t\t\t\t<\/div>\n\t\t\t\t<\/div>\n\t\t<\/div>\t\t\t\t\t<\/div>\n\t\t","protected":false},"excerpt":{"rendered":"<p>Los Youtubers e influencers tienen que cotizar en seguridad social como si fueran trabajadores independientes \u00a0 Los trabajadores independientes deben cotizar respecto al 40% de sus ingresos mensuales y sobre la base m\u00e1xima de cotizaci\u00f3n que es de 25 salarios m\u00ednimos Cotizar en la seguridad social es una obligaci\u00f3n para todos los empleados de Colombia, [&hellip;]<\/p>\n","protected":false},"author":1,"featured_media":0,"parent":0,"menu_order":0,"comment_status":"closed","ping_status":"closed","template":"elementor_header_footer","meta":{"_joinchat":[],"footnotes":""},"class_list":["post-1938","page","type-page","status-publish","hentry"],"aioseo_notices":[],"_links":{"self":[{"href":"https:\/\/ayudarteafiliaciones.org\/index.php?rest_route=\/wp\/v2\/pages\/1938","targetHints":{"allow":["GET"]}}],"collection":[{"href":"https:\/\/ayudarteafiliaciones.org\/index.php?rest_route=\/wp\/v2\/pages"}],"about":[{"href":"https:\/\/ayudarteafiliaciones.org\/index.php?rest_route=\/wp\/v2\/types\/page"}],"author":[{"embeddable":true,"href":"https:\/\/ayudarteafiliaciones.org\/index.php?rest_route=\/wp\/v2\/users\/1"}],"replies":[{"embeddable":true,"href":"https:\/\/ayudarteafiliaciones.org\/index.php?rest_route=%2Fwp%2Fv2%2Fcomments&post=1938"}],"version-history":[{"count":0,"href":"https:\/\/ayudarteafiliaciones.org\/index.php?rest_route=\/wp\/v2\/pages\/1938\/revisions"}],"wp:attachment":[{"href":"https:\/\/ayudarteafiliaciones.org\/index.php?rest_route=%2Fwp%2Fv2%2Fmedia&parent=1938"}],"curies":[{"name":"wp","href":"https:\/\/api.w.org\/{rel}","templated":true}]}}