{"id":1693,"date":"2022-04-24T12:07:11","date_gmt":"2022-04-24T17:07:11","guid":{"rendered":"https:\/\/ayudarteafiliaciones.org\/?page_id=1693"},"modified":"2022-04-24T12:17:28","modified_gmt":"2022-04-24T17:17:28","slug":"politica-de-privacidad","status":"publish","type":"page","link":"https:\/\/ayudarteafiliaciones.org\/?page_id=1693","title":{"rendered":"Pol\u00ectica de Privacidad"},"content":{"rendered":"\t\t<div data-elementor-type=\"wp-page\" data-elementor-id=\"1693\" class=\"elementor elementor-1693\">\n\t\t\t\t\t\t\t<div class=\"elementor-element elementor-element-304edc3 e-container--column e-container\" data-id=\"304edc3\" data-element_type=\"container\">\t\t\t\t<div class=\"elementor-element elementor-element-890409e elementor-invisible elementor-widget elementor-widget-text-editor\" data-id=\"890409e\" data-element_type=\"widget\" data-settings=\"{&quot;_animation&quot;:&quot;fadeInRight&quot;,&quot;_animation_delay&quot;:4}\" data-widget_type=\"text-editor.default\">\n\t\t\t\t<div class=\"elementor-widget-container\">\n\t\t\t<style>\/*! elementor - v3.7.7 - 20-09-2022 *\/\n.elementor-widget-text-editor.elementor-drop-cap-view-stacked .elementor-drop-cap{background-color:#818a91;color:#fff}.elementor-widget-text-editor.elementor-drop-cap-view-framed .elementor-drop-cap{color:#818a91;border:3px solid;background-color:transparent}.elementor-widget-text-editor:not(.elementor-drop-cap-view-default) .elementor-drop-cap{margin-top:8px}.elementor-widget-text-editor:not(.elementor-drop-cap-view-default) .elementor-drop-cap-letter{width:1em;height:1em}.elementor-widget-text-editor .elementor-drop-cap{float:left;text-align:center;line-height:1;font-size:50px}.elementor-widget-text-editor .elementor-drop-cap-letter{display:inline-block}<\/style>\t\t\t\t<h1 style=\"text-align: center;\"><span style=\"color: #3170a3;\">Pol\u00ectica de Privacidad<\/span><\/h1>\t\t\t\t\t\t<\/div>\n\t\t\t\t<\/div>\n\t\t<\/div><div class=\"elementor-element elementor-element-48f5627 e-container--column e-container\" data-id=\"48f5627\" data-element_type=\"container\">\t\t\t\t<div class=\"elementor-element elementor-element-49ee8a6 elementor-invisible elementor-widget elementor-widget-image\" data-id=\"49ee8a6\" data-element_type=\"widget\" data-settings=\"{&quot;_animation&quot;:&quot;flash&quot;,&quot;_animation_delay&quot;:6}\" data-widget_type=\"image.default\">\n\t\t\t\t<div class=\"elementor-widget-container\">\n\t\t\t<style>\/*! elementor - v3.7.7 - 20-09-2022 *\/\n.elementor-widget-image{text-align:center}.elementor-widget-image a{display:inline-block}.elementor-widget-image a img[src$=\".svg\"]{width:48px}.elementor-widget-image img{vertical-align:middle;display:inline-block}<\/style>\t\t\t\t\t\t\t\t\t\t\t\t<img loading=\"lazy\" decoding=\"async\" width=\"319\" height=\"158\" src=\"https:\/\/ayudarteafiliaciones.org\/wp-content\/uploads\/2022\/04\/politica-de-privacidad-ayudarte-afiliaciones.jpg\" class=\"attachment-large size-large\" alt=\"pol\u00edtica de privacidad ayudarte afiliaciones\" srcset=\"https:\/\/ayudarteafiliaciones.org\/wp-content\/uploads\/2022\/04\/politica-de-privacidad-ayudarte-afiliaciones.jpg 319w, https:\/\/ayudarteafiliaciones.org\/wp-content\/uploads\/2022\/04\/politica-de-privacidad-ayudarte-afiliaciones-300x149.jpg 300w\" sizes=\"auto, (max-width: 319px) 100vw, 319px\" \/>\t\t\t\t\t\t\t\t\t\t\t\t\t\t\t<\/div>\n\t\t\t\t<\/div>\n\t\t<\/div><div class=\"elementor-element elementor-element-a395848 e-container--column e-container\" data-id=\"a395848\" data-element_type=\"container\">\t\t\t\t<div class=\"elementor-element elementor-element-f612c5f elementor-invisible elementor-widget elementor-widget-text-editor\" data-id=\"f612c5f\" data-element_type=\"widget\" data-settings=\"{&quot;_animation&quot;:&quot;bounceIn&quot;,&quot;_animation_delay&quot;:4}\" data-widget_type=\"text-editor.default\">\n\t\t\t\t<div class=\"elementor-widget-container\">\n\t\t\t\t\t\t\t<p style=\"text-align: center;\"><strong>Ayudarte Afiliaciones<\/strong> representa ante el <strong>Sistema General de Seguridad Social a los Trabajadores Independientes<\/strong> afiliados atrav\u00e9s de nosotros.<\/p><p style=\"text-align: center;\">\u00a0<\/p><p style=\"text-align: center;\">Estamos autorizados por el <strong>Ministerio de Salud y Protecci\u00f3n Social seg\u00fan la Resoluci\u00f3n No. 0025\/2009.<\/strong><\/p><p style=\"text-align: center;\">\u00a0<\/p><p style=\"text-align: center;\">Nuestra direcci\u00f3n de sitio web es: <a href=\"https:\/\/ayudarteafiliaciones.org.\">https:\/\/ayudarteafiliaciones.org.<\/a><\/p><p style=\"text-align: center;\">\u00a0<\/p><p style=\"text-align: center;\"><strong>Comentarios<\/strong><\/p><p style=\"text-align: center;\">\u00a0<\/p><p style=\"text-align: center;\">Cuando los visitantes dejan comentarios en el sitio recopilamos los datos mostrados en el formulario de comentarios, y tambi\u00e9n la direcci\u00f3n IP del visitante y la cadena del agente de usuario del navegador para ayudar a la detecci\u00f3n de spam.<\/p><p style=\"text-align: center;\">\u00a0<\/p><p style=\"text-align: center;\">Se puede proporcionar una cadena an\u00f3nima creada a partir de su direcci\u00f3n de correo electr\u00f3nico (tambi\u00e9n denominada hash) al servicio gravatar para ver si la est\u00e1 utilizando.<\/p><p style=\"text-align: center;\">\u00a0<\/p><p style=\"text-align: center;\">La pol\u00edtica de privacidad del servicio <strong>Gravatar<\/strong> est\u00e1 disponible aqu\u00ed: <a href=\"https:\/\/automattic.com\/privacy\/.\">https:\/\/automattic.com\/privacy\/.<\/a><\/p><p style=\"text-align: center;\">\u00a0<\/p><p style=\"text-align: center;\">Despu\u00e9s de la aprobaci\u00f3n de su comentario, su imagen de perfil ser\u00e1 visible para el p\u00fablico en el contexto de tu comentario.<\/p><p style=\"text-align: center;\">\u00a0<\/p><p style=\"text-align: center;\"><strong>Medios<\/strong><\/p><p style=\"text-align: center;\">\u00a0<\/p><p style=\"text-align: center;\">Si sube im\u00e1genes al sitio web, debe evitar cargar im\u00e1genes con datos de ubicaci\u00f3n incrustados (EXIF GPS).<\/p><p style=\"text-align: center;\">\u00a0<\/p><p style=\"text-align: center;\">Los visitantes del sitio web pueden descargar y extraer los datos de la ubicaci\u00f3n de las im\u00e1genes en el sitio Web.<\/p><p style=\"text-align: center;\">\u00a0<\/p><p style=\"text-align: center;\"><strong>Cookies<\/strong><\/p><p style=\"text-align: center;\">\u00a0<\/p><p style=\"text-align: center;\">Si deja un comentario en nuestro sitio, puede optar por guardar su nombre, direcci\u00f3n de correo electr\u00f3nico y sitio web en cookies.<\/p><p style=\"text-align: center;\">\u00a0<\/p><p style=\"text-align: center;\">Estos es para su comodidad y no tenga que volver a rellenar sus datos cuando dejes otro comentario. Estas cookies tendr\u00e1n un a\u00f1o de duraci\u00f3n.<\/p><p style=\"text-align: center;\">\u00a0<\/p><p style=\"text-align: center;\">Si visita nuestra p\u00e1gina de acceso, se instalar\u00e1 una cookie temporal para determinar si su navegador acepta cookies. Esta cookie no contiene datos personales y se elimina al cerrar el navegador.<\/p><p style=\"text-align: center;\">\u00a0<\/p><p style=\"text-align: center;\">Cuando inicie sesi\u00f3n, se instalar\u00e1n varias cookies para guardar su informaci\u00f3n de acceso y opciones de visualizaci\u00f3n de pantalla.<\/p><p style=\"text-align: center;\">\u00a0<\/p><p style=\"text-align: center;\">Las cookies de acceso permanecer\u00e1n por dos d\u00edas y las cookies de opciones de pantalla se guardar\u00e1n por un a\u00f1o. Si selecciona \u00abRecu\u00e9rdeme\u00bb en su inicio de sesi\u00f3n, estas se guardar\u00e1n por dos semanas. Si cierra la sesi\u00f3n de su cuenta, las cookies de acceso se eliminar\u00e1n.<\/p><p style=\"text-align: center;\">\u00a0<\/p><p style=\"text-align: center;\">Si edita o publica un art\u00edculo se guardar\u00e1 una cookie adicional en su navegador. Esta cookie no incluye datos personales y simplemente indica el ID del art\u00edculo que acaba de editar. Caduca despu\u00e9s de 1 d\u00eda.<\/p><p style=\"text-align: center;\">\u00a0<\/p><p style=\"text-align: center;\"><strong>Contenido incrustado de otros sitios web<\/strong><\/p><p style=\"text-align: center;\">Los art\u00edculos de este sitio pueden incluir contenido incrustado (por ejemplo, v\u00eddeos, im\u00e1genes, art\u00edculos, etc.).<\/p><p style=\"text-align: center;\">\u00a0<\/p><p style=\"text-align: center;\">El contenido incrustado de otras webs se comporta exactamente de la misma manera que si el visitante hubiera visitado la otra web.<\/p><p style=\"text-align: center;\">\u00a0<\/p><p style=\"text-align: center;\">Estas web pueden recopilar datos sobre usted, utilizar cookies, incrustar un seguimiento adicional de terceros, y supervisar su interacci\u00f3n con ese contenido incrustado, incluido el seguimiento de su interacci\u00f3n con el contenido incrustado si tiene una cuenta y est\u00e1 conectado a esa web.<\/p><p style=\"text-align: center;\">\u00a0<\/p><p style=\"text-align: center;\"><strong>Con qui\u00e9n compartimos sus datos<\/strong><\/p><p style=\"text-align: center;\">\u00a0<\/p><p style=\"text-align: center;\">Si solicita un restablecimiento de contrase\u00f1a, su direcci\u00f3n IP ser\u00e1 incluida en el correo electr\u00f3nico de restablecimiento.<\/p><p style=\"text-align: center;\">\u00a0<\/p><p style=\"text-align: center;\"><strong>Cu\u00e1nto tiempo conservamos sus datos<\/strong><\/p><p style=\"text-align: center;\">\u00a0<\/p><p style=\"text-align: center;\">Si deja un comentario, el comentario y sus metadatos se conservan indefinidamente. Esto es para que podamos reconocer y aprobar autom\u00e1ticamente cualquier comentario de seguimiento en lugar de mantenerlos en una cola de moderaci\u00f3n.<\/p><p style=\"text-align: center;\">\u00a0<\/p><p style=\"text-align: center;\">Para los usuarios que se registren en nuestro sitio web (si los hay), se almacenar\u00e1n todos sus datos de informaci\u00f3n personal que proporcionen.<\/p><p style=\"text-align: center;\">\u00a0<\/p><p style=\"text-align: center;\">Cualquier usuario puede ver, editar o eliminar su informaci\u00f3n personal cuando lo desee (a excepci\u00f3n del nombre de usuario que no se puede editar). Los administradores de sitios web, tambi\u00e9n pueden ver y editar dicha informaci\u00f3n.<\/p><p style=\"text-align: center;\">\u00a0<\/p><p style=\"text-align: center;\"><strong>Qu\u00e9 derechos tiene sobre sus datos<\/strong><\/p><p style=\"text-align: center;\">\u00a0<\/p><p style=\"text-align: center;\">Si tiene una cuenta en este sitio, o ha dejado comentarios, puede solicitar la exportaci\u00f3n de un archivo con sus datos personales recopilados, incluyendo cualquier otro dato que nos haya proporcionado.<\/p><p style=\"text-align: center;\">\u00a0<\/p><p style=\"text-align: center;\">Tambi\u00e9n puede solicitar la eliminaci\u00f3n de cualquier dato personal que guardemos sobre usted.<\/p><p style=\"text-align: center;\">\u00a0<\/p><p style=\"text-align: center;\">Esto no incluye los datos que estamos obligados a conservar para fines administrativos, legales o de seguridad.<\/p><p style=\"text-align: center;\">\u00a0<\/p><p style=\"text-align: center;\"><strong>D\u00f3nde enviamos sus datos<\/strong><\/p><p style=\"text-align: center;\">\u00a0<\/p><p style=\"text-align: center;\">Puede que los comentarios de los visitantes sean validados por un servicio autom\u00e1tico de detecci\u00f3n de spam.<\/p>\t\t\t\t\t\t<\/div>\n\t\t\t\t<\/div>\n\t\t<\/div><div class=\"elementor-element elementor-element-7900ab6 e-container--column e-container\" data-id=\"7900ab6\" data-element_type=\"container\">\t\t\t\t<div class=\"elementor-element elementor-element-8e5783b elementor-invisible elementor-widget elementor-widget-text-editor\" data-id=\"8e5783b\" data-element_type=\"widget\" data-settings=\"{&quot;_animation&quot;:&quot;rotateInDownRight&quot;}\" data-widget_type=\"text-editor.default\">\n\t\t\t\t<div class=\"elementor-widget-container\">\n\t\t\t\t\t\t\t<p>\u00a0<\/p><p style=\"text-align: center;\"><strong>Afiliamos trabajadores en todo el territorio nacional, <a href=\"https:\/\/web.whatsapp.com\/send?phone=573134318467&amp;text=Estamos%20para%20servirle\">consulte nuestros asesores<\/a> para proceder con el tr\u00e0mite.<\/strong><\/p>\t\t\t\t\t\t<\/div>\n\t\t\t\t<\/div>\n\t\t<\/div>\t\t\t\t\t<\/div>\n\t\t","protected":false},"excerpt":{"rendered":"<p>Ayudarte Afiliaciones representa ante el Sistema General de Seguridad Social a los Trabajadores Independientes afiliados atrav\u00e9s de nosotros.<\/p>\n","protected":false},"author":1,"featured_media":0,"parent":0,"menu_order":0,"comment_status":"closed","ping_status":"closed","template":"elementor_header_footer","meta":{"_joinchat":{"telephone":"+573134318467","message_text":"Estamos para servirle","message_send":"Ind\u00ecquenos que podemos hacer por usted"},"footnotes":""},"class_list":["post-1693","page","type-page","status-publish","hentry"],"aioseo_notices":[],"_links":{"self":[{"href":"https:\/\/ayudarteafiliaciones.org\/index.php?rest_route=\/wp\/v2\/pages\/1693","targetHints":{"allow":["GET"]}}],"collection":[{"href":"https:\/\/ayudarteafiliaciones.org\/index.php?rest_route=\/wp\/v2\/pages"}],"about":[{"href":"https:\/\/ayudarteafiliaciones.org\/index.php?rest_route=\/wp\/v2\/types\/page"}],"author":[{"embeddable":true,"href":"https:\/\/ayudarteafiliaciones.org\/index.php?rest_route=\/wp\/v2\/users\/1"}],"replies":[{"embeddable":true,"href":"https:\/\/ayudarteafiliaciones.org\/index.php?rest_route=%2Fwp%2Fv2%2Fcomments&post=1693"}],"version-history":[{"count":0,"href":"https:\/\/ayudarteafiliaciones.org\/index.php?rest_route=\/wp\/v2\/pages\/1693\/revisions"}],"wp:attachment":[{"href":"https:\/\/ayudarteafiliaciones.org\/index.php?rest_route=%2Fwp%2Fv2%2Fmedia&parent=1693"}],"curies":[{"name":"wp","href":"https:\/\/api.w.org\/{rel}","templated":true}]}}